{"id":487,"date":"2025-08-21T17:28:29","date_gmt":"2025-08-21T17:28:29","guid":{"rendered":"https:\/\/startersites.io\/blocksy\/floreo\/?post_type=product&#038;p=487"},"modified":"2025-08-30T09:38:09","modified_gmt":"2025-08-30T09:38:09","slug":"bracelet-loup","status":"publish","type":"product","link":"https:\/\/metaliluna.com\/en\/product\/bracelet-loup\/","title":{"rendered":"Tiger's eye and wolf bracelet"},"content":{"rendered":"<div id=\"output\" class=\"page-generator__output js-generator-output\">\n<p>Bracelet made of natural tiger's eye and hematite stones.<\/p>\n<p>The bracelet is also adorned with a magnificent hand-carved tiger's eye wolf head.<\/p>\n<p>&nbsp;<\/p>\n<p>Description:<\/p>\n<p>diam\u00e8tre 52mm<\/p>\n<p>\u00e9lastique qualit\u00e9 sup\u00e9rieure blanc<\/p>\n<\/div>","protected":false},"excerpt":{"rendered":"<p>Bracelet pierres naturelles<\/p>","protected":false},"featured_media":1274,"comment_status":"open","ping_status":"closed","template":"","meta":{"_glsr_average":0,"_glsr_ranking":0,"_glsr_reviews":0},"product_brand":[],"product_cat":[48],"product_tag":[],"class_list":{"0":"post-487","1":"product","2":"type-product","3":"status-publish","4":"has-post-thumbnail","6":"product_cat-bracelets","8":"first","9":"outofstock","10":"sold-individually","11":"shipping-taxable","12":"purchasable","13":"product-type-simple"},"jetpack_sharing_enabled":true,"_links":{"self":[{"href":"https:\/\/metaliluna.com\/en\/wp-json\/wp\/v2\/product\/487","targetHints":{"allow":["GET"]}}],"collection":[{"href":"https:\/\/metaliluna.com\/en\/wp-json\/wp\/v2\/product"}],"about":[{"href":"https:\/\/metaliluna.com\/en\/wp-json\/wp\/v2\/types\/product"}],"replies":[{"embeddable":true,"href":"https:\/\/metaliluna.com\/en\/wp-json\/wp\/v2\/comments?post=487"}],"version-history":[{"count":1,"href":"https:\/\/metaliluna.com\/en\/wp-json\/wp\/v2\/product\/487\/revisions"}],"predecessor-version":[{"id":1340,"href":"https:\/\/metaliluna.com\/en\/wp-json\/wp\/v2\/product\/487\/revisions\/1340"}],"wp:featuredmedia":[{"embeddable":true,"href":"https:\/\/metaliluna.com\/en\/wp-json\/wp\/v2\/media\/1274"}],"wp:attachment":[{"href":"https:\/\/metaliluna.com\/en\/wp-json\/wp\/v2\/media?parent=487"}],"wp:term":[{"taxonomy":"product_brand","embeddable":true,"href":"https:\/\/metaliluna.com\/en\/wp-json\/wp\/v2\/product_brand?post=487"},{"taxonomy":"product_cat","embeddable":true,"href":"https:\/\/metaliluna.com\/en\/wp-json\/wp\/v2\/product_cat?post=487"},{"taxonomy":"product_tag","embeddable":true,"href":"https:\/\/metaliluna.com\/en\/wp-json\/wp\/v2\/product_tag?post=487"}],"curies":[{"name":"wp","href":"https:\/\/api.w.org\/{rel}","templated":true}]}}