{"id":481,"date":"2025-08-21T17:21:10","date_gmt":"2025-08-21T17:21:10","guid":{"rendered":"https:\/\/startersites.io\/blocksy\/floreo\/?post_type=product&#038;p=481"},"modified":"2025-10-16T07:20:41","modified_gmt":"2025-10-16T07:20:41","slug":"planche-surf","status":"publish","type":"product","link":"https:\/\/metaliluna.com\/en\/product\/planche-surf\/","title":{"rendered":"Red Nara wood surfboard"},"content":{"rendered":"<p>Planche de surf taill\u00e9 et polis \u00e0 la main en bois de Nara rouge.<\/p>\n<p>D\u00e9rive emmanch\u00e9e coll\u00e9e.<\/p>\n<p>Anneau pour passer une cordelette ou collier.<\/p>\n<p>&nbsp;<\/p>\n<p>Description:<\/p>\n<p>Longueur : 12cm<\/p>","protected":false},"excerpt":{"rendered":"<p>Planche de surf d\u00e9corative en bois<\/p>","protected":false},"featured_media":1374,"comment_status":"open","ping_status":"closed","template":"","meta":{"_glsr_average":0,"_glsr_ranking":0,"_glsr_reviews":0},"product_brand":[],"product_cat":[51],"product_tag":[],"class_list":{"0":"post-481","1":"product","2":"type-product","3":"status-publish","4":"has-post-thumbnail","6":"product_cat-creation-bois","8":"first","9":"outofstock","10":"shipping-taxable","11":"purchasable","12":"product-type-simple"},"jetpack_sharing_enabled":true,"_links":{"self":[{"href":"https:\/\/metaliluna.com\/en\/wp-json\/wp\/v2\/product\/481","targetHints":{"allow":["GET"]}}],"collection":[{"href":"https:\/\/metaliluna.com\/en\/wp-json\/wp\/v2\/product"}],"about":[{"href":"https:\/\/metaliluna.com\/en\/wp-json\/wp\/v2\/types\/product"}],"replies":[{"embeddable":true,"href":"https:\/\/metaliluna.com\/en\/wp-json\/wp\/v2\/comments?post=481"}],"version-history":[{"count":2,"href":"https:\/\/metaliluna.com\/en\/wp-json\/wp\/v2\/product\/481\/revisions"}],"predecessor-version":[{"id":1863,"href":"https:\/\/metaliluna.com\/en\/wp-json\/wp\/v2\/product\/481\/revisions\/1863"}],"wp:featuredmedia":[{"embeddable":true,"href":"https:\/\/metaliluna.com\/en\/wp-json\/wp\/v2\/media\/1374"}],"wp:attachment":[{"href":"https:\/\/metaliluna.com\/en\/wp-json\/wp\/v2\/media?parent=481"}],"wp:term":[{"taxonomy":"product_brand","embeddable":true,"href":"https:\/\/metaliluna.com\/en\/wp-json\/wp\/v2\/product_brand?post=481"},{"taxonomy":"product_cat","embeddable":true,"href":"https:\/\/metaliluna.com\/en\/wp-json\/wp\/v2\/product_cat?post=481"},{"taxonomy":"product_tag","embeddable":true,"href":"https:\/\/metaliluna.com\/en\/wp-json\/wp\/v2\/product_tag?post=481"}],"curies":[{"name":"wp","href":"https:\/\/api.w.org\/{rel}","templated":true}]}}