{"id":1742,"date":"2025-09-18T16:19:28","date_gmt":"2025-09-18T16:19:28","guid":{"rendered":"https:\/\/metaliluna.com\/produit\/hairwrap-renard-amethyste\/"},"modified":"2025-12-05T08:44:10","modified_gmt":"2025-12-05T07:44:10","slug":"hairwrap-renard-amethyste","status":"publish","type":"product","link":"https:\/\/metaliluna.com\/en\/product\/hairwrap-renard-amethyste\/","title":{"rendered":"Amethyst Fox Hairwrap"},"content":{"rendered":"<p>Hairwrap amovible Renard en pierre d&#8217;am\u00e9thyste d\u00e9cor\u00e9 de plumes naturelles, un Cristal de Quartz et d&#8217;une perle bois fait main.<\/p>\n<p>Tip for hair without dreads: To secure, thread a strand of hair through the clip, slide it down to the base of the strand and braid it with other strands of your hair.<\/p>\n<div>Description:\n<\/div>\n<div>Longueur : 50 cm<\/div>","protected":false},"excerpt":{"rendered":"<p>Hairwrap amovible \/ ateba\/ accesoire de cheveux<\/p>","protected":false},"featured_media":1735,"comment_status":"open","ping_status":"closed","template":"","meta":{"_glsr_average":0,"_glsr_ranking":0,"_glsr_reviews":0},"product_brand":[],"product_cat":[50],"product_tag":[59,65,53,58,57,62,61,71,54,69,64,70,60,63],"class_list":{"0":"post-1742","1":"product","2":"type-product","3":"status-publish","4":"has-post-thumbnail","6":"product_cat-atebas","7":"product_tag-accessoires","8":"product_tag-animal","9":"product_tag-ateba","10":"product_tag-cheveux","11":"product_tag-dread","12":"product_tag-dreawraps","13":"product_tag-enveloppe-de-cheveux","14":"product_tag-fox","15":"product_tag-hairwrap","16":"product_tag-indien","17":"product_tag-nature","18":"product_tag-renard","19":"product_tag-viking","20":"product_tag-wraps","22":"first","23":"instock","24":"sale","25":"purchasable","26":"product-type-simple"},"jetpack_sharing_enabled":true,"_links":{"self":[{"href":"https:\/\/metaliluna.com\/en\/wp-json\/wp\/v2\/product\/1742","targetHints":{"allow":["GET"]}}],"collection":[{"href":"https:\/\/metaliluna.com\/en\/wp-json\/wp\/v2\/product"}],"about":[{"href":"https:\/\/metaliluna.com\/en\/wp-json\/wp\/v2\/types\/product"}],"replies":[{"embeddable":true,"href":"https:\/\/metaliluna.com\/en\/wp-json\/wp\/v2\/comments?post=1742"}],"version-history":[{"count":1,"href":"https:\/\/metaliluna.com\/en\/wp-json\/wp\/v2\/product\/1742\/revisions"}],"predecessor-version":[{"id":1845,"href":"https:\/\/metaliluna.com\/en\/wp-json\/wp\/v2\/product\/1742\/revisions\/1845"}],"wp:featuredmedia":[{"embeddable":true,"href":"https:\/\/metaliluna.com\/en\/wp-json\/wp\/v2\/media\/1735"}],"wp:attachment":[{"href":"https:\/\/metaliluna.com\/en\/wp-json\/wp\/v2\/media?parent=1742"}],"wp:term":[{"taxonomy":"product_brand","embeddable":true,"href":"https:\/\/metaliluna.com\/en\/wp-json\/wp\/v2\/product_brand?post=1742"},{"taxonomy":"product_cat","embeddable":true,"href":"https:\/\/metaliluna.com\/en\/wp-json\/wp\/v2\/product_cat?post=1742"},{"taxonomy":"product_tag","embeddable":true,"href":"https:\/\/metaliluna.com\/en\/wp-json\/wp\/v2\/product_tag?post=1742"}],"curies":[{"name":"wp","href":"https:\/\/api.w.org\/{rel}","templated":true}]}}