{"id":1710,"date":"2025-09-05T16:12:37","date_gmt":"2025-09-05T16:12:37","guid":{"rendered":"https:\/\/metaliluna.com\/produit\/hairwrap-loup-jaspe-chrysantheme\/"},"modified":"2025-12-05T08:43:11","modified_gmt":"2025-12-05T07:43:11","slug":"hairwrap-loup-jaspe-chrysantheme","status":"publish","type":"product","link":"https:\/\/metaliluna.com\/en\/product\/hairwrap-loup-jaspe-chrysantheme\/","title":{"rendered":"Hairwrap Wolf Jasper Chrysanthemum"},"content":{"rendered":"<p>Hairwrap amovible loup en pierre de jaspe chrysanth\u00e8me d\u00e9cor\u00e9 d&#8217;une pierre d&#8217;am\u00e9thyste jaune et d&#8217;une perle bois faite main.<\/p>\n<p>Tip for hair without dreads: To secure, thread a strand of hair through the clip, slide it down to the base of the strand and braid it with other strands of your hair.<\/p>\n<div>Description:\n<\/div>\n<div>Longueur : 50 cm<\/div>","protected":false},"excerpt":{"rendered":"<p>Hairwrap amovible Loup<\/p>","protected":false},"featured_media":1708,"comment_status":"open","ping_status":"closed","template":"","meta":{"_glsr_average":0,"_glsr_ranking":0,"_glsr_reviews":0},"product_brand":[],"product_cat":[50],"product_tag":[59,65,53,58,57,62,61,54,55,64,60,56,63],"class_list":{"0":"post-1710","1":"product","2":"type-product","3":"status-publish","4":"has-post-thumbnail","6":"product_cat-atebas","7":"product_tag-accessoires","8":"product_tag-animal","9":"product_tag-ateba","10":"product_tag-cheveux","11":"product_tag-dread","12":"product_tag-dreawraps","13":"product_tag-enveloppe-de-cheveux","14":"product_tag-hairwrap","15":"product_tag-loup","16":"product_tag-nature","17":"product_tag-viking","18":"product_tag-wolf","19":"product_tag-wraps","21":"first","22":"instock","23":"sale","24":"purchasable","25":"product-type-simple"},"jetpack_sharing_enabled":true,"_links":{"self":[{"href":"https:\/\/metaliluna.com\/en\/wp-json\/wp\/v2\/product\/1710","targetHints":{"allow":["GET"]}}],"collection":[{"href":"https:\/\/metaliluna.com\/en\/wp-json\/wp\/v2\/product"}],"about":[{"href":"https:\/\/metaliluna.com\/en\/wp-json\/wp\/v2\/types\/product"}],"replies":[{"embeddable":true,"href":"https:\/\/metaliluna.com\/en\/wp-json\/wp\/v2\/comments?post=1710"}],"version-history":[{"count":1,"href":"https:\/\/metaliluna.com\/en\/wp-json\/wp\/v2\/product\/1710\/revisions"}],"predecessor-version":[{"id":1849,"href":"https:\/\/metaliluna.com\/en\/wp-json\/wp\/v2\/product\/1710\/revisions\/1849"}],"wp:featuredmedia":[{"embeddable":true,"href":"https:\/\/metaliluna.com\/en\/wp-json\/wp\/v2\/media\/1708"}],"wp:attachment":[{"href":"https:\/\/metaliluna.com\/en\/wp-json\/wp\/v2\/media?parent=1710"}],"wp:term":[{"taxonomy":"product_brand","embeddable":true,"href":"https:\/\/metaliluna.com\/en\/wp-json\/wp\/v2\/product_brand?post=1710"},{"taxonomy":"product_cat","embeddable":true,"href":"https:\/\/metaliluna.com\/en\/wp-json\/wp\/v2\/product_cat?post=1710"},{"taxonomy":"product_tag","embeddable":true,"href":"https:\/\/metaliluna.com\/en\/wp-json\/wp\/v2\/product_tag?post=1710"}],"curies":[{"name":"wp","href":"https:\/\/api.w.org\/{rel}","templated":true}]}}