{"id":1518,"date":"2025-08-27T12:17:36","date_gmt":"2025-08-27T12:17:36","guid":{"rendered":"https:\/\/metaliluna.com\/?post_type=product&#038;p=1518"},"modified":"2025-10-16T07:17:02","modified_gmt":"2025-10-16T07:17:02","slug":"ateba-hairwrap-amovible-perle","status":"publish","type":"product","link":"https:\/\/metaliluna.com\/en\/product\/ateba-hairwrap-amovible-perle\/","title":{"rendered":"Ateba Removable Pearl Hairwrap"},"content":{"rendered":"<p>Ateba hairwrap amovible collection plage, d\u00e9cor\u00e9 pendentif dor\u00e9, un cauris, d&#8217;une perle bois fait main et perles d&#8217;eau douce.<\/p>\n<p>Tip for hair without dreads: To fix the ateba, thread a strand of hair through the hook, slide it down to the base of the strand and braid it with other strands of your hair.<\/p>\n<p>&nbsp;<\/p>\n<div>Description:<\/div>\n<div>Longueur : 47cm<\/div>","protected":false},"excerpt":{"rendered":"<p>Hairwrap amovible collection plage<\/p>","protected":false},"featured_media":1522,"comment_status":"open","ping_status":"closed","template":"","meta":{"_glsr_average":0,"_glsr_ranking":0,"_glsr_reviews":0},"product_brand":[],"product_cat":[50],"product_tag":[],"class_list":{"0":"post-1518","1":"product","2":"type-product","3":"status-publish","4":"has-post-thumbnail","6":"product_cat-atebas","8":"first","9":"instock","10":"sale","11":"purchasable","12":"product-type-simple"},"jetpack_sharing_enabled":true,"_links":{"self":[{"href":"https:\/\/metaliluna.com\/en\/wp-json\/wp\/v2\/product\/1518","targetHints":{"allow":["GET"]}}],"collection":[{"href":"https:\/\/metaliluna.com\/en\/wp-json\/wp\/v2\/product"}],"about":[{"href":"https:\/\/metaliluna.com\/en\/wp-json\/wp\/v2\/types\/product"}],"replies":[{"embeddable":true,"href":"https:\/\/metaliluna.com\/en\/wp-json\/wp\/v2\/comments?post=1518"}],"version-history":[{"count":2,"href":"https:\/\/metaliluna.com\/en\/wp-json\/wp\/v2\/product\/1518\/revisions"}],"predecessor-version":[{"id":1853,"href":"https:\/\/metaliluna.com\/en\/wp-json\/wp\/v2\/product\/1518\/revisions\/1853"}],"wp:featuredmedia":[{"embeddable":true,"href":"https:\/\/metaliluna.com\/en\/wp-json\/wp\/v2\/media\/1522"}],"wp:attachment":[{"href":"https:\/\/metaliluna.com\/en\/wp-json\/wp\/v2\/media?parent=1518"}],"wp:term":[{"taxonomy":"product_brand","embeddable":true,"href":"https:\/\/metaliluna.com\/en\/wp-json\/wp\/v2\/product_brand?post=1518"},{"taxonomy":"product_cat","embeddable":true,"href":"https:\/\/metaliluna.com\/en\/wp-json\/wp\/v2\/product_cat?post=1518"},{"taxonomy":"product_tag","embeddable":true,"href":"https:\/\/metaliluna.com\/en\/wp-json\/wp\/v2\/product_tag?post=1518"}],"curies":[{"name":"wp","href":"https:\/\/api.w.org\/{rel}","templated":true}]}}