{"id":1507,"date":"2025-08-26T15:35:50","date_gmt":"2025-08-26T15:35:50","guid":{"rendered":"https:\/\/metaliluna.com\/?post_type=product&#038;p=1507"},"modified":"2026-04-27T13:10:16","modified_gmt":"2026-04-27T12:10:16","slug":"ateba-hairwrap-amovible-leopard","status":"publish","type":"product","link":"https:\/\/metaliluna.com\/en\/product\/ateba-hairwrap-amovible-leopard\/","title":{"rendered":"Ateba Removable Hairwrap Leopard Print"},"content":{"rendered":"<p>Ateba hairwrap amovible collection plage, d\u00e9cor\u00e9 d&#8217;un pendentif dor\u00e9, un coquillage cauris, une perle bois flott\u00e9 faite main et perle d&#8217;eau douce.<\/p>\n<p>Tip for hair without dreads: To fix the ateba, thread a strand of hair through the hook, slide it down to the base of the strand and braid it with other strands of your hair.<\/p>\n<p>&nbsp;<\/p>\n<div>Description:<\/div>\n<div>Longueur : 60cm<\/div>","protected":false},"excerpt":{"rendered":"<p>Hairwrap amovible collection plage<\/p>","protected":false},"featured_media":1508,"comment_status":"open","ping_status":"closed","template":"","meta":{"_glsr_average":0,"_glsr_ranking":0,"_glsr_reviews":0},"product_brand":[],"product_cat":[50],"product_tag":[],"class_list":{"0":"post-1507","1":"product","2":"type-product","3":"status-publish","4":"has-post-thumbnail","6":"product_cat-atebas","8":"first","9":"outofstock","10":"sale","11":"purchasable","12":"product-type-simple"},"jetpack_sharing_enabled":true,"_links":{"self":[{"href":"https:\/\/metaliluna.com\/en\/wp-json\/wp\/v2\/product\/1507","targetHints":{"allow":["GET"]}}],"collection":[{"href":"https:\/\/metaliluna.com\/en\/wp-json\/wp\/v2\/product"}],"about":[{"href":"https:\/\/metaliluna.com\/en\/wp-json\/wp\/v2\/types\/product"}],"replies":[{"embeddable":true,"href":"https:\/\/metaliluna.com\/en\/wp-json\/wp\/v2\/comments?post=1507"}],"version-history":[{"count":1,"href":"https:\/\/metaliluna.com\/en\/wp-json\/wp\/v2\/product\/1507\/revisions"}],"predecessor-version":[{"id":1854,"href":"https:\/\/metaliluna.com\/en\/wp-json\/wp\/v2\/product\/1507\/revisions\/1854"}],"wp:featuredmedia":[{"embeddable":true,"href":"https:\/\/metaliluna.com\/en\/wp-json\/wp\/v2\/media\/1508"}],"wp:attachment":[{"href":"https:\/\/metaliluna.com\/en\/wp-json\/wp\/v2\/media?parent=1507"}],"wp:term":[{"taxonomy":"product_brand","embeddable":true,"href":"https:\/\/metaliluna.com\/en\/wp-json\/wp\/v2\/product_brand?post=1507"},{"taxonomy":"product_cat","embeddable":true,"href":"https:\/\/metaliluna.com\/en\/wp-json\/wp\/v2\/product_cat?post=1507"},{"taxonomy":"product_tag","embeddable":true,"href":"https:\/\/metaliluna.com\/en\/wp-json\/wp\/v2\/product_tag?post=1507"}],"curies":[{"name":"wp","href":"https:\/\/api.w.org\/{rel}","templated":true}]}}