{"id":1487,"date":"2025-08-26T14:53:23","date_gmt":"2025-08-26T14:53:23","guid":{"rendered":"https:\/\/metaliluna.com\/?post_type=product&#038;p=1487"},"modified":"2026-03-04T13:45:25","modified_gmt":"2026-03-04T12:45:25","slug":"ateba-hairwrap-amovible-coquillage","status":"publish","type":"product","link":"https:\/\/metaliluna.com\/en\/product\/ateba-hairwrap-amovible-coquillage\/","title":{"rendered":"Ateba Removable Shell Hairwrap"},"content":{"rendered":"<p>Ateba hairwrap amovible collection plage, d\u00e9cor\u00e9 d&#8217;un coquillage argent\u00e9 et cauris de Corse, perle bois fait main et perles d&#8217;eau douce.<\/p>\n<p>Tip for hair without dreads: To fix the ateba, thread a strand of hair through the hook, slide it down to the base of the strand and braid it with other strands of your hair.<\/p>\n<p>&nbsp;<\/p>\n<p>Description:<\/p>\n<p>longueur 50cm<\/p>","protected":false},"excerpt":{"rendered":"<p>Hairwrap amovible collection plage<\/p>","protected":false},"featured_media":1488,"comment_status":"open","ping_status":"closed","template":"","meta":{"_glsr_average":0,"_glsr_ranking":0,"_glsr_reviews":0},"product_brand":[],"product_cat":[50],"product_tag":[],"class_list":{"0":"post-1487","1":"product","2":"type-product","3":"status-publish","4":"has-post-thumbnail","6":"product_cat-atebas","8":"first","9":"outofstock","10":"sale","11":"purchasable","12":"product-type-simple"},"jetpack_sharing_enabled":true,"_links":{"self":[{"href":"https:\/\/metaliluna.com\/en\/wp-json\/wp\/v2\/product\/1487","targetHints":{"allow":["GET"]}}],"collection":[{"href":"https:\/\/metaliluna.com\/en\/wp-json\/wp\/v2\/product"}],"about":[{"href":"https:\/\/metaliluna.com\/en\/wp-json\/wp\/v2\/types\/product"}],"replies":[{"embeddable":true,"href":"https:\/\/metaliluna.com\/en\/wp-json\/wp\/v2\/comments?post=1487"}],"version-history":[{"count":1,"href":"https:\/\/metaliluna.com\/en\/wp-json\/wp\/v2\/product\/1487\/revisions"}],"predecessor-version":[{"id":1858,"href":"https:\/\/metaliluna.com\/en\/wp-json\/wp\/v2\/product\/1487\/revisions\/1858"}],"wp:featuredmedia":[{"embeddable":true,"href":"https:\/\/metaliluna.com\/en\/wp-json\/wp\/v2\/media\/1488"}],"wp:attachment":[{"href":"https:\/\/metaliluna.com\/en\/wp-json\/wp\/v2\/media?parent=1487"}],"wp:term":[{"taxonomy":"product_brand","embeddable":true,"href":"https:\/\/metaliluna.com\/en\/wp-json\/wp\/v2\/product_brand?post=1487"},{"taxonomy":"product_cat","embeddable":true,"href":"https:\/\/metaliluna.com\/en\/wp-json\/wp\/v2\/product_cat?post=1487"},{"taxonomy":"product_tag","embeddable":true,"href":"https:\/\/metaliluna.com\/en\/wp-json\/wp\/v2\/product_tag?post=1487"}],"curies":[{"name":"wp","href":"https:\/\/api.w.org\/{rel}","templated":true}]}}