{"id":1376,"date":"2025-08-22T08:55:44","date_gmt":"2025-08-22T08:55:44","guid":{"rendered":"https:\/\/metaliluna.com\/?post_type=product&#038;p=1376"},"modified":"2026-03-04T13:45:25","modified_gmt":"2026-03-04T12:45:25","slug":"ateba-baleine","status":"publish","type":"product","link":"https:\/\/metaliluna.com\/en\/product\/ateba-baleine\/","title":{"rendered":"Ateba Hairwrap Removable Whalebone"},"content":{"rendered":"<div>Hairwrap amovible collection plage, longueur 55 cm, d\u00e9cor\u00e9 d&#8217;une nageoires de baleine argent\u00e9 et petit cauris, perle en bois faite main et perle d&#8217;eau douce.<\/div>\n<div><\/div>\n<div><\/div>\n<div>Astuce pour cheveux sans dreads :<\/div>\n<div>Pour fixer l&#8217;ateba, enfiler une m\u00e8che de cheveux dans l&#8217;accroche, faire glisser jusque l\u00e0 base de la m\u00e8che et faire une tresse avec d&#8217;autres m\u00e8ches de vos cheveux.<\/div>\n<div><\/div>\n<div><\/div>\n<div>Description:<\/div>\n<div>Longueur : 55cm<\/div>\n<div>couleur : vert et violet<\/div>","protected":false},"excerpt":{"rendered":"<p>Ateba Hairwrap plage<\/p>","protected":false},"featured_media":1377,"comment_status":"open","ping_status":"closed","template":"","meta":{"_glsr_average":0,"_glsr_ranking":0,"_glsr_reviews":0},"product_brand":[],"product_cat":[50],"product_tag":[],"class_list":{"0":"post-1376","1":"product","2":"type-product","3":"status-publish","4":"has-post-thumbnail","6":"product_cat-atebas","8":"first","9":"outofstock","10":"sale","11":"purchasable","12":"product-type-simple"},"jetpack_sharing_enabled":true,"_links":{"self":[{"href":"https:\/\/metaliluna.com\/en\/wp-json\/wp\/v2\/product\/1376","targetHints":{"allow":["GET"]}}],"collection":[{"href":"https:\/\/metaliluna.com\/en\/wp-json\/wp\/v2\/product"}],"about":[{"href":"https:\/\/metaliluna.com\/en\/wp-json\/wp\/v2\/types\/product"}],"replies":[{"embeddable":true,"href":"https:\/\/metaliluna.com\/en\/wp-json\/wp\/v2\/comments?post=1376"}],"version-history":[{"count":1,"href":"https:\/\/metaliluna.com\/en\/wp-json\/wp\/v2\/product\/1376\/revisions"}],"predecessor-version":[{"id":1862,"href":"https:\/\/metaliluna.com\/en\/wp-json\/wp\/v2\/product\/1376\/revisions\/1862"}],"wp:featuredmedia":[{"embeddable":true,"href":"https:\/\/metaliluna.com\/en\/wp-json\/wp\/v2\/media\/1377"}],"wp:attachment":[{"href":"https:\/\/metaliluna.com\/en\/wp-json\/wp\/v2\/media?parent=1376"}],"wp:term":[{"taxonomy":"product_brand","embeddable":true,"href":"https:\/\/metaliluna.com\/en\/wp-json\/wp\/v2\/product_brand?post=1376"},{"taxonomy":"product_cat","embeddable":true,"href":"https:\/\/metaliluna.com\/en\/wp-json\/wp\/v2\/product_cat?post=1376"},{"taxonomy":"product_tag","embeddable":true,"href":"https:\/\/metaliluna.com\/en\/wp-json\/wp\/v2\/product_tag?post=1376"}],"curies":[{"name":"wp","href":"https:\/\/api.w.org\/{rel}","templated":true}]}}